{"id":1953,"date":"2020-09-13T02:05:49","date_gmt":"2020-09-13T05:05:49","guid":{"rendered":"https:\/\/epta.com.ar\/?post_type=product&#038;p=1953"},"modified":"2021-10-08T10:51:43","modified_gmt":"2021-10-08T13:51:43","slug":"vd277","status":"publish","type":"product","link":"https:\/\/epta.com.ar\/en\/product\/vd277\/","title":{"rendered":"VD277"},"content":{"rendered":"<p>&nbsp;<\/p>\n<table>\n<tbody>\n<tr>\n<td colspan=\"2\">FEATURES<\/td>\n<\/tr>\n<tr>\n<td>TYPE<\/td>\n<td>Regulating Fail Open (FTO); (FA); (FO)<\/td>\n<\/tr>\n<tr>\n<td>Models<\/td>\n<td>VD277 (for special models ask sales department)<\/td>\n<\/tr>\n<tr>\n<td>Variants<\/td>\n<td>VD277S ; VD277S\/AR; VD277A (On demand)<\/td>\n<\/tr>\n<tr>\n<td>Diameter of Valves<\/td>\n<td>\u00d81&#8243; to \u00d86&#8243; (\u00d88\u201d ask sales department)<\/td>\n<\/tr>\n<tr>\n<td>Type of Connections<\/td>\n<td>Thread: NPT female up to \u00d8 2&#8243;, standard ASME B16.11<\/p>\n<p>Flange: #150 RF, # 300 RF, # 600 RF, standard ASME B16.5<\/td>\n<\/tr>\n<tr>\n<td>Maximum Inlet Pressure<\/td>\n<td>100 Kg\/cm\u00b2<\/td>\n<\/tr>\n<tr>\n<td>Reduced Pressure Range<\/td>\n<td>From 0,02 Kg\/cm\u00b2 to 50 Kg\/cm\u00b2 for VD277.<\/p>\n<p>From 1 Kg\/cm\u00b2 to 50 Kg\/cm\u00b2 for VD277H; for reduced pressures over<\/p>\n<p>51Kg\/cm\u00b2 contact the manufacturer<\/td>\n<\/tr>\n<tr>\n<td>Relief Pressure Range<\/td>\n<td>From 2 Kg\/cm\u00b2 to 15 Kg\/cm\u00b2, for VD277A<\/td>\n<\/tr>\n<tr>\n<td>Control Characteristics<\/td>\n<td>On demand<\/td>\n<\/tr>\n<tr>\n<td>Operation<\/td>\n<td>With Pilot P68S\/2<\/td>\n<\/tr>\n<tr>\n<td>Type of Body<\/td>\n<td>Globe<\/td>\n<\/tr>\n<tr>\n<td>Material of the Body<\/td>\n<td>Molten Steel\u00a0 ASTM A216-WCC (special materials on demand)<\/td>\n<\/tr>\n<tr>\n<td>Watertightness<\/td>\n<td>Class VI standard FCI 70-2<\/td>\n<\/tr>\n<tr>\n<td>Opcional<\/td>\n<td>Pre- Reducer<\/td>\n<\/tr>\n<\/tbody>\n<\/table>\n","protected":false},"excerpt":{"rendered":"<p>The EPTA\u00ae VD277 fail open (FTO) pressure regulating valve is a model designed for distribution networks. Its performance is based in the pressure difference made by the regulation on the diaphragm. It has an external regulation pilot, an external variable restrictor and a filter F250. All the elements are installed and interconnected.<\/p>\n","protected":false},"featured_media":2155,"comment_status":"closed","ping_status":"closed","template":"","meta":{"_joinchat":[]},"product_brand":[],"product_cat":[25,37,53],"product_tag":[],"class_list":{"0":"post-1953","1":"product","2":"type-product","3":"status-publish","4":"has-post-thumbnail","6":"product_cat-1-valves","7":"product_cat-relief","8":"product_cat-pilot-operated","10":"first","11":"instock","12":"shipping-taxable","13":"product-type-simple"},"_links":{"self":[{"href":"https:\/\/epta.com.ar\/en\/wp-json\/wp\/v2\/product\/1953","targetHints":{"allow":["GET"]}}],"collection":[{"href":"https:\/\/epta.com.ar\/en\/wp-json\/wp\/v2\/product"}],"about":[{"href":"https:\/\/epta.com.ar\/en\/wp-json\/wp\/v2\/types\/product"}],"replies":[{"embeddable":true,"href":"https:\/\/epta.com.ar\/en\/wp-json\/wp\/v2\/comments?post=1953"}],"wp:featuredmedia":[{"embeddable":true,"href":"https:\/\/epta.com.ar\/en\/wp-json\/wp\/v2\/media\/2155"}],"wp:attachment":[{"href":"https:\/\/epta.com.ar\/en\/wp-json\/wp\/v2\/media?parent=1953"}],"wp:term":[{"taxonomy":"product_brand","embeddable":true,"href":"https:\/\/epta.com.ar\/en\/wp-json\/wp\/v2\/product_brand?post=1953"},{"taxonomy":"product_cat","embeddable":true,"href":"https:\/\/epta.com.ar\/en\/wp-json\/wp\/v2\/product_cat?post=1953"},{"taxonomy":"product_tag","embeddable":true,"href":"https:\/\/epta.com.ar\/en\/wp-json\/wp\/v2\/product_tag?post=1953"}],"curies":[{"name":"wp","href":"https:\/\/api.w.org\/{rel}","templated":true}]}}